{"id":17,"date":"2016-09-05T15:01:36","date_gmt":"2016-09-05T15:01:36","guid":{"rendered":"http:\/\/reifenhandel-ickes.de\/wordpress\/?page_id=17"},"modified":"2023-03-29T09:37:37","modified_gmt":"2023-03-29T09:37:37","slug":"seite-2","status":"publish","type":"page","link":"https:\/\/reifenhandel-ickes.de\/wordpress\/?page_id=17","title":{"rendered":"\u00dcber uns"},"content":{"rendered":"<p><span style=\"font-family: verdana,geneva,sans-serif;\">Unser Unternehmen, die Reifen Ickes GmbH &amp; Co. KG, wurde im Jahr 1999 von Johann Ickes gegr\u00fcndet und verf\u00fcgt heute mit einer Lagerkapazit\u00e4t von bis zu 100.000\u00a0Reifen \u00fcber ein gro\u00dfes Sortiment an Neureifen aller Gr\u00f6\u00dfen und Hersteller. Ebenso halten wir f\u00fcr sie Alu- und Stahlfelgen bereit.\u00a0 Nachdem wir unsere Kapazit\u00e4ten bereits in den Jahren 2008 und 2010 durch zwei Neubauten erweitert haben, entstand in\u00a0Jahr 2016\u00a0unsere neue Lagerhalle, mit der wir nun in der Lage sind ca. die doppelte Menge an Reifen als zuvor zu bevorraten.<\/span><\/p>\n<p><span style=\"font-family: verdana,geneva,sans-serif;\">Das 19-k\u00f6pfige Mitarbeiter-Team sorgt f\u00fcr einen reibungslosen Ablauf der Bestellvorg\u00e4nge und gew\u00e4hrleistet, dass Onlinebestellungen bis 16.00 Uhr unser Lager noch am selben Tag verlassen und die Zustellung in etwa 1-2 Tagen erfolgt. Saisonale Verz\u00f6gerungen sind vorbehalten. Zudem bieten wir einen Express-Versand und Lieferungen innerhalb Europas auf Anfrage.<\/span><\/p>\n<p><span style=\"font-family: verdana,geneva,sans-serif;\">F\u00fcr unsere Hofkunden vor Ort haben wir weitere interessante Information auf der Seite <a href=\"https:\/\/reifenhandel-ickes.de\/wordpress\/?page_id=71\">Service<\/a> bereitgestellt.<\/span><\/p>\n<div id=\"metaslider-id-535\" style=\"width: 100%;\" class=\"ml-slider-3-98-0 metaslider metaslider-nivo metaslider-535 ml-slider ms-theme-default\" role=\"region\" aria-roledescription=\"Slideshow\" aria-label=\"Slider ueber uns\" data-width=\"600\">\n    <div id=\"metaslider_container_535\">\n        <div class='slider-wrapper theme-default'><div class='ribbon'><\/div><div id='metaslider_535' class='nivoSlider'><img loading=\"lazy\" decoding=\"async\" src=\"https:\/\/reifenhandel-ickes.de\/wordpress\/wp-content\/uploads\/2022\/07\/20170301_144612-1-600x300.jpg\" height=\"300\" width=\"600\" title=\"20170301_144612\" alt=\"\" class=\"slider-535 slide-536\" \/><img loading=\"lazy\" decoding=\"async\" src=\"https:\/\/reifenhandel-ickes.de\/wordpress\/wp-content\/uploads\/2021\/09\/DSC_0559-\u00a9Peter-Beckmann-1-600x300.jpg\" height=\"300\" width=\"600\" title=\"DSC_0559 \u00a9Peter Beckmann\" alt=\"\" class=\"slider-535 slide-538\" \/><img loading=\"lazy\" decoding=\"async\" src=\"https:\/\/reifenhandel-ickes.de\/wordpress\/wp-content\/uploads\/2021\/09\/DSC_0506-\u00a9PeterBeckmann-600x300.jpg\" height=\"300\" width=\"600\" title=\"DSC_0506 \u00a9PeterBeckmann\" alt=\"\" class=\"slider-535 slide-539\" \/><img loading=\"lazy\" decoding=\"async\" src=\"https:\/\/reifenhandel-ickes.de\/wordpress\/wp-content\/uploads\/2021\/09\/DSC_0525-\u00a9PeterBeckmann-600x300.jpg\" height=\"300\" width=\"600\" title=\"DSC_0525 \u00a9PeterBeckmann\" alt=\"\" class=\"slider-535 slide-540\" \/><img loading=\"lazy\" decoding=\"async\" src=\"https:\/\/reifenhandel-ickes.de\/wordpress\/wp-content\/uploads\/2021\/09\/DSC_0529-\u00a9PeterBeckmann-600x300.jpg\" height=\"300\" width=\"600\" title=\"DSC_0529 \u00a9PeterBeckmann\" alt=\"\" class=\"slider-535 slide-541\" \/><img loading=\"lazy\" decoding=\"async\" src=\"https:\/\/reifenhandel-ickes.de\/wordpress\/wp-content\/uploads\/2021\/09\/DSC_0549-\u00a9PeterBeckmann-600x300.jpg\" height=\"300\" width=\"600\" title=\"DSC_0549 \u00a9PeterBeckmann\" alt=\"\" class=\"slider-535 slide-542\" \/><img loading=\"lazy\" decoding=\"async\" src=\"https:\/\/reifenhandel-ickes.de\/wordpress\/wp-content\/uploads\/2021\/09\/DSC_0557-\u00a9PeterBeckmann-600x300.jpg\" height=\"300\" width=\"600\" title=\"DSC_0557 \u00a9PeterBeckmann\" alt=\"\" class=\"slider-535 slide-543\" \/><img loading=\"lazy\" decoding=\"async\" src=\"https:\/\/reifenhandel-ickes.de\/wordpress\/wp-content\/uploads\/2021\/09\/DSC_0559-\u00a9Peter-Beckmann-600x300.jpg\" height=\"300\" width=\"600\" title=\"DSC_0559 \u00a9Peter Beckmann\" alt=\"\" class=\"slider-535 slide-544\" \/><img loading=\"lazy\" decoding=\"async\" src=\"https:\/\/reifenhandel-ickes.de\/wordpress\/wp-content\/uploads\/2021\/09\/DJI_0348-\u00a9PeterBeckmann-600x300.jpg\" height=\"300\" width=\"600\" title=\"DJI_0348 \u00a9PeterBeckmann\" alt=\"\" class=\"slider-535 slide-545\" \/><img loading=\"lazy\" decoding=\"async\" src=\"https:\/\/reifenhandel-ickes.de\/wordpress\/wp-content\/uploads\/2021\/09\/DJI_0356-\u00a9PeterBeckmann-600x300.jpg\" height=\"300\" width=\"600\" title=\"DJI_0356 \u00a9PeterBeckmann\" alt=\"\" class=\"slider-535 slide-546\" \/><img loading=\"lazy\" decoding=\"async\" src=\"https:\/\/reifenhandel-ickes.de\/wordpress\/wp-content\/uploads\/2020\/05\/DJI_0949-600x300.jpg\" height=\"300\" width=\"600\" data-caption=\"DCIM100MEDIADJI_0949.JPG\" title=\"DCIM100MEDIADJI_0949.JPG\" alt=\"\" class=\"slider-535 slide-547\" \/><img loading=\"lazy\" decoding=\"async\" src=\"https:\/\/reifenhandel-ickes.de\/wordpress\/wp-content\/uploads\/2020\/05\/DJI_0975-600x300.jpg\" height=\"300\" width=\"600\" data-caption=\"DCIM100MEDIADJI_0975.JPG\" title=\"DSC_0559-\u00a9Peter-Beckmann.jpg\" alt=\"\" class=\"slider-535 slide-548\" \/><img loading=\"lazy\" decoding=\"async\" src=\"https:\/\/reifenhandel-ickes.de\/wordpress\/wp-content\/uploads\/2020\/05\/DJI_0949-1-600x300.jpg\" height=\"300\" width=\"600\" data-caption=\"DCIM100MEDIADJI_0949.JPG\" title=\"DCIM100MEDIADJI_0949.JPG\" alt=\"\" class=\"slider-535 slide-549\" \/><img loading=\"lazy\" decoding=\"async\" src=\"https:\/\/reifenhandel-ickes.de\/wordpress\/wp-content\/uploads\/2021\/09\/DJI_0361-\u00a9PeterBeckmann-600x300.jpg\" height=\"300\" width=\"600\" title=\"DJI_0361 bearbeitet.tiff\" alt=\"\" class=\"slider-535 slide-550\" \/><img loading=\"lazy\" decoding=\"async\" src=\"https:\/\/reifenhandel-ickes.de\/wordpress\/wp-content\/uploads\/2017\/01\/DJI_0791-e1516176366613-600x300.jpg\" height=\"300\" width=\"600\" data-caption=\"DCIM100MEDIADJI_0791.JPG\" title=\"DCIM100MEDIADJI_0791.JPG\" alt=\"\" class=\"slider-535 slide-551\" \/><img loading=\"lazy\" decoding=\"async\" src=\"https:\/\/reifenhandel-ickes.de\/wordpress\/wp-content\/uploads\/2017\/01\/DJI_0812-e1516176374927-600x300.jpg\" height=\"300\" width=\"600\" data-caption=\"DCIM100MEDIADJI_0812.JPG\" title=\"DCIM100MEDIADJI_0812.JPG\" alt=\"\" class=\"slider-535 slide-552\" \/><img loading=\"lazy\" decoding=\"async\" src=\"https:\/\/reifenhandel-ickes.de\/wordpress\/wp-content\/uploads\/2017\/01\/DJI_0818-e1516176382851-600x300.jpg\" height=\"300\" width=\"600\" data-caption=\"DCIM100MEDIADJI_0818.JPG\" title=\"DCIM100MEDIADJI_0818.JPG\" alt=\"\" class=\"slider-535 slide-553\" \/><img loading=\"lazy\" decoding=\"async\" src=\"https:\/\/reifenhandel-ickes.de\/wordpress\/wp-content\/uploads\/2017\/01\/DJI_0819-e1516176391662-600x300.jpg\" height=\"300\" width=\"600\" data-caption=\"DCIM100MEDIADJI_0819.JPG\" title=\"DCIM100MEDIADJI_0819.JPG\" alt=\"\" class=\"slider-535 slide-554\" \/><\/div><\/div>\n        \n    <\/div>\n<\/div>\n<p>","protected":false},"excerpt":{"rendered":"<p>Unser Unternehmen, die Reifen Ickes GmbH &amp; Co. KG, wurde im Jahr 1999 von Johann Ickes gegr\u00fcndet und verf\u00fcgt heute<\/p>\n","protected":false},"author":1,"featured_media":0,"parent":0,"menu_order":0,"comment_status":"closed","ping_status":"closed","template":"","meta":{"colormag_page_layout":"default_layout","footnotes":""},"_links":{"self":[{"href":"https:\/\/reifenhandel-ickes.de\/wordpress\/index.php?rest_route=\/wp\/v2\/pages\/17"}],"collection":[{"href":"https:\/\/reifenhandel-ickes.de\/wordpress\/index.php?rest_route=\/wp\/v2\/pages"}],"about":[{"href":"https:\/\/reifenhandel-ickes.de\/wordpress\/index.php?rest_route=\/wp\/v2\/types\/page"}],"author":[{"embeddable":true,"href":"https:\/\/reifenhandel-ickes.de\/wordpress\/index.php?rest_route=\/wp\/v2\/users\/1"}],"replies":[{"embeddable":true,"href":"https:\/\/reifenhandel-ickes.de\/wordpress\/index.php?rest_route=%2Fwp%2Fv2%2Fcomments&post=17"}],"version-history":[{"count":24,"href":"https:\/\/reifenhandel-ickes.de\/wordpress\/index.php?rest_route=\/wp\/v2\/pages\/17\/revisions"}],"predecessor-version":[{"id":560,"href":"https:\/\/reifenhandel-ickes.de\/wordpress\/index.php?rest_route=\/wp\/v2\/pages\/17\/revisions\/560"}],"wp:attachment":[{"href":"https:\/\/reifenhandel-ickes.de\/wordpress\/index.php?rest_route=%2Fwp%2Fv2%2Fmedia&parent=17"}],"curies":[{"name":"wp","href":"https:\/\/api.w.org\/{rel}","templated":true}]}}