{"id":362,"date":"2018-05-02T14:46:51","date_gmt":"2018-05-02T14:46:51","guid":{"rendered":"http:\/\/reifenhandel-ickes.de\/wordpress\/?page_id=362"},"modified":"2018-05-03T06:19:11","modified_gmt":"2018-05-03T06:19:11","slug":"lieferbedingungen","status":"publish","type":"page","link":"https:\/\/reifenhandel-ickes.de\/wordpress\/?page_id=362","title":{"rendered":"Lieferbedingungen"},"content":{"rendered":"<p><\/p>\n<h6>Lieferung innerhalb Deutschland f\u00fcr alle Reifen:<\/h6>\n<p>ab 2 Reifen frachtfrei;<\/p>\n<p>Einzelst\u00fccke 5,50 \u20ac<\/p>\n<p>Einzelst\u00fccke LKW\/Gro\u00df\/Industriereifen (ab 17,5 Zoll) 15,- \u20ac Fracht.<\/p>\n<p>&nbsp;<\/p>\n<h4><\/h4>\n<h6>Lieferung von Stahl-, Alufelgen, Komplett-R\u00e4dern innerhalb Deutschlands:<\/h6>\n<p>ab 4 St\u00fcck frachtfrei; Einzelst\u00fccke 5,50 \u20ac.<\/p>\n<p>Zubeh\u00f6r ab 100,00 \u20ac frachtfrei, darunter 5,50 \u20ac.<\/p>\n<p>Bei Stahlfelgen entspricht der Hersteller nicht immer Alcar.<\/p>\n<p>&nbsp;<\/p>\n<p>Reifen\/Felgen werden in der Regel bei Bestellungen bis 12 Uhr am selben Tag verschickt. Paketlaufzeiten in der Regel 24 Stunden innerhalb Deutschland, 48 Stunden innerhalb der EU. F\u00fcr eventuelle Versp\u00e4tungen haftet Reifen Ickes nicht.<\/p>\n<p>In der Saison kann es zu Lieferzeiten von 3 &#8211; 4 Tagen kommen.<\/p>\n<p>F\u00fcr Versand auf deutsche Inseln wird pauschal 12,00 Euro pro Paket berechnet.<\/p>\n<p>Expressversand ist bei Bestellungen bis 15:00Uhr m\u00f6glich. 12,50Euro netto pro Paket zus\u00e4tzlich.<\/p>\n<p>&nbsp;<\/p>\n<p>Auftragsstorno ist nur schriftlich bis 10 Minuten nach der Bestellung unter Fax-Nr. 06451 \/ 7184220 m\u00f6glich.<\/p>\n<p>Bei R\u00fcckholung oder Annahmeverweigerung berechnen wir 10% der Nettowarenwertes + 12,00 \u20ac\u00a0 Paketversandkosten.<\/p>\n<p>&nbsp;<\/p>\n<p>Die gelieferten Reifen k\u00f6nnen bis zu 3 Jahren alt sein, DOT-Reklamationen innerhalb dieses Zeitraumes erkennen wir nicht an.<\/p>\n<p>&nbsp;<\/p>\n<p>Warenr\u00fcckgabe nur innerhalb von 4 Wochen ab Rechnungsdatum m\u00f6glich.<\/p>\n<p>Rechnungen sind den Lieferungen beigef\u00fcgt.<\/p>\n<p>&nbsp;<\/p>\n<p>Versand ins Ausland erfolgt zum Selbstkostenpreis.<\/p>\n<p>&nbsp;<\/p>\n<p>Zahlungen nur gegen Bankeinzug, 3 Tage Einzug netto\/netto per Lastschrift. Bei einer R\u00fccklastschrift entstehen Kosten in H\u00f6he von 10,00 Euro zu Lasten des K\u00e4ufers.<\/p>\n<p>&nbsp;<\/p>\n<p>Komplettr\u00e4der, demontierte und gefahrene Ware sind von der R\u00fccknahme grunds\u00e4tzlich ausgeschlossen.<\/p>\n<p>&nbsp;<\/p>\n<p>&nbsp;<\/p>\n<p>&nbsp;<\/p>","protected":false},"excerpt":{"rendered":"<p>Lieferung innerhalb Deutschland f\u00fcr alle Reifen: ab 2 Reifen frachtfrei; Einzelst\u00fccke 5,50 \u20ac Einzelst\u00fccke LKW\/Gro\u00df\/Industriereifen (ab 17,5 Zoll) 15,- \u20ac<\/p>\n","protected":false},"author":1,"featured_media":0,"parent":0,"menu_order":0,"comment_status":"closed","ping_status":"closed","template":"","meta":{"colormag_page_layout":"default_layout","footnotes":""},"_links":{"self":[{"href":"https:\/\/reifenhandel-ickes.de\/wordpress\/index.php?rest_route=\/wp\/v2\/pages\/362"}],"collection":[{"href":"https:\/\/reifenhandel-ickes.de\/wordpress\/index.php?rest_route=\/wp\/v2\/pages"}],"about":[{"href":"https:\/\/reifenhandel-ickes.de\/wordpress\/index.php?rest_route=\/wp\/v2\/types\/page"}],"author":[{"embeddable":true,"href":"https:\/\/reifenhandel-ickes.de\/wordpress\/index.php?rest_route=\/wp\/v2\/users\/1"}],"replies":[{"embeddable":true,"href":"https:\/\/reifenhandel-ickes.de\/wordpress\/index.php?rest_route=%2Fwp%2Fv2%2Fcomments&post=362"}],"version-history":[{"count":4,"href":"https:\/\/reifenhandel-ickes.de\/wordpress\/index.php?rest_route=\/wp\/v2\/pages\/362\/revisions"}],"predecessor-version":[{"id":367,"href":"https:\/\/reifenhandel-ickes.de\/wordpress\/index.php?rest_route=\/wp\/v2\/pages\/362\/revisions\/367"}],"wp:attachment":[{"href":"https:\/\/reifenhandel-ickes.de\/wordpress\/index.php?rest_route=%2Fwp%2Fv2%2Fmedia&parent=362"}],"curies":[{"name":"wp","href":"https:\/\/api.w.org\/{rel}","templated":true}]}}