{"id":5,"date":"2016-09-05T14:36:00","date_gmt":"2016-09-05T14:36:00","guid":{"rendered":"http:\/\/reifenhandel-ickes.de\/wordpress\/?page_id=5"},"modified":"2023-03-22T12:16:21","modified_gmt":"2023-03-22T12:16:21","slug":"start","status":"publish","type":"page","link":"https:\/\/reifenhandel-ickes.de\/wordpress\/","title":{"rendered":"Willkommen"},"content":{"rendered":"<p><strong><span style=\"color: #ff0000; font-family: tahoma, arial, helvetica, sans-serif; font-size: 12pt;\"><span style=\"font-family: verdana,geneva,sans-serif;\">Reifen Ickes \u2013 Geld sparen &amp; sicher fahren !<\/span> <\/span><\/strong><\/p>\n<p><span style=\"font-family: verdana,geneva,sans-serif;\">Inmitten von Hessen, im sch\u00f6nen Burgwald, befindet sich unser Reifenhandel. Seit der Firmengr\u00fcndung im Jahr 1999 haben wir es uns zur Aufgabe gemacht unsere Gro\u00dfhandels- als auch unsere Endverbraucherkunden jeden Tag auf\u2019s neue seri\u00f6s und fachlich kompetent in allen Dingen rund um Reifen und R\u00e4der zu beraten.<\/span><\/p>\n<p><span style=\"font-family: verdana,geneva,sans-serif;\">Unsere Lagerkapazit\u00e4t verspricht eine gro\u00dfe Abdeckung Ihrer individuellen W\u00fcnsche und Bed\u00fcrfnisse in Sachen Reifen, Felgen und Komplettr\u00e4dern.<\/span><\/p>\n<p><span style=\"font-family: verdana,geneva,sans-serif;\">Wir freuen uns, Sie auf unserer Homepage begr\u00fc\u00dfen zu d\u00fcrfen. Nutzen Sie unser Angebot im H\u00e4ndlerbereich oder als Endkunde im Privatkundenbereich.<\/span><\/p>\n<p><span style=\"font-family: verdana,geneva,sans-serif;\">N<\/span><span style=\"font-family: verdana,geneva,sans-serif;\">at\u00fcrlich freuen wir uns auch \u00fcber jeden Besuch direkt bei uns vor Ort.<\/span><\/p>\n<div id=\"metaslider-id-514\" style=\"width: 100%; margin: 0 auto;\" class=\"ml-slider-3-98-0 metaslider metaslider-nivo metaslider-514 ml-slider ms-theme-default\" role=\"region\" aria-roledescription=\"Slideshow\" aria-label=\"Slider Home\" data-width=\"750\">\n    <div id=\"metaslider_container_514\">\n        <div class='slider-wrapper theme-default'><div class='ribbon'><\/div><div id='metaslider_514' class='nivoSlider'><img loading=\"lazy\" decoding=\"async\" src=\"https:\/\/reifenhandel-ickes.de\/wordpress\/wp-content\/uploads\/2020\/01\/Michelin-Pilot-Sport-4-750x500.jpg\" height=\"500\" width=\"750\" title=\"Michelin Pilot Sport 4\" alt=\"\" class=\"slider-514 slide-515\" \/><img loading=\"lazy\" decoding=\"async\" src=\"https:\/\/reifenhandel-ickes.de\/wordpress\/wp-content\/uploads\/2020\/01\/Goodyear-Eagle-F1-Asymmetric-5-750x500.jpg\" height=\"500\" width=\"750\" title=\"Goodyear Eagle F1 Asymmetric 5\" alt=\"\" class=\"slider-514 slide-516\" \/><img loading=\"lazy\" decoding=\"async\" src=\"https:\/\/reifenhandel-ickes.de\/wordpress\/wp-content\/uploads\/2019\/03\/Sommer-winter-750x500.jpg\" height=\"500\" width=\"750\" title=\"Sommer winter\" alt=\"\" class=\"slider-514 slide-517\" \/><img loading=\"lazy\" decoding=\"async\" src=\"https:\/\/reifenhandel-ickes.de\/wordpress\/wp-content\/uploads\/2019\/03\/Vredestein-Sportrac-5-750x500.jpg\" height=\"500\" width=\"750\" title=\"Vredestein Sportrac 5\" alt=\"\" class=\"slider-514 slide-518\" \/><img loading=\"lazy\" decoding=\"async\" src=\"https:\/\/reifenhandel-ickes.de\/wordpress\/wp-content\/uploads\/2019\/03\/Dunlop-SP-sport-maxx-rt-2-750x500.jpg\" height=\"500\" width=\"750\" title=\"Dunlop SP sport maxx rt 2\" alt=\"\" class=\"slider-514 slide-519\" \/><img loading=\"lazy\" decoding=\"async\" src=\"https:\/\/reifenhandel-ickes.de\/wordpress\/wp-content\/uploads\/2019\/02\/Michelin-Primacy-4-750x500.jpg\" height=\"500\" width=\"750\" title=\"Michelin Primacy 4\" alt=\"\" class=\"slider-514 slide-520\" \/><img loading=\"lazy\" decoding=\"async\" src=\"https:\/\/reifenhandel-ickes.de\/wordpress\/wp-content\/uploads\/2018\/03\/Michelin-Primacy-4-750x500.jpg\" height=\"500\" width=\"750\" title=\"Michelin Primacy 4\" alt=\"\" class=\"slider-514 slide-522\" \/><img loading=\"lazy\" decoding=\"async\" src=\"https:\/\/reifenhandel-ickes.de\/wordpress\/wp-content\/uploads\/2018\/03\/Dunlop-port-Bluresponse-750x500.jpg\" height=\"500\" width=\"750\" title=\"Dunlop port Bluresponse\" alt=\"\" class=\"slider-514 slide-523\" \/><img loading=\"lazy\" decoding=\"async\" src=\"https:\/\/reifenhandel-ickes.de\/wordpress\/wp-content\/uploads\/2018\/03\/Goodyear-Effifientgrip-Performance-750x500.jpg\" height=\"500\" width=\"750\" title=\"Goodyear Effifientgrip Performance\" alt=\"\" class=\"slider-514 slide-524\" \/><img loading=\"lazy\" decoding=\"async\" src=\"https:\/\/reifenhandel-ickes.de\/wordpress\/wp-content\/uploads\/2017\/12\/Winterbild-Yokohama-V903-750x500.jpg\" height=\"500\" width=\"750\" title=\"Winterbild Yokohama V903\" alt=\"\" class=\"slider-514 slide-525\" \/><img loading=\"lazy\" decoding=\"async\" src=\"https:\/\/reifenhandel-ickes.de\/wordpress\/wp-content\/uploads\/2018\/01\/Michelin-Alpin-5-750x500.jpg\" height=\"500\" width=\"750\" title=\"Michelin-Alpin-5\" alt=\"\" class=\"slider-514 slide-526\" \/><img loading=\"lazy\" decoding=\"async\" src=\"https:\/\/reifenhandel-ickes.de\/wordpress\/wp-content\/uploads\/2017\/02\/Nokian-i-line-750x500.jpg\" height=\"500\" width=\"750\" title=\"Nokian i line\" alt=\"\" class=\"slider-514 slide-527\" \/><img loading=\"lazy\" decoding=\"async\" src=\"https:\/\/reifenhandel-ickes.de\/wordpress\/wp-content\/uploads\/2018\/03\/Fr\u00fchling-winter-mit-schrift--750x500.jpg\" height=\"500\" width=\"750\" title=\"Fr\u00fchling winter mit schrift\" alt=\"\" class=\"slider-514 slide-528\" \/><img loading=\"lazy\" decoding=\"async\" src=\"https:\/\/reifenhandel-ickes.de\/wordpress\/wp-content\/uploads\/2018\/03\/Michelin-Crossclimate--750x500.jpg\" height=\"500\" width=\"750\" title=\"Michelin Crossclimate +\" alt=\"\" class=\"slider-514 slide-529\" \/><img loading=\"lazy\" decoding=\"async\" src=\"https:\/\/reifenhandel-ickes.de\/wordpress\/wp-content\/uploads\/2018\/03\/Goodyear-Eagle-F1-Asymm.-3-750x500.jpg\" height=\"500\" width=\"750\" title=\"Goodyear Eagle F1 Asymm. 3\" alt=\"\" class=\"slider-514 slide-530\" \/><img loading=\"lazy\" decoding=\"async\" src=\"https:\/\/reifenhandel-ickes.de\/wordpress\/wp-content\/uploads\/2018\/03\/Continental-AllSeason-Contact-750x500.jpg\" height=\"500\" width=\"750\" title=\"Continental AllSeason Contact\" alt=\"\" class=\"slider-514 slide-531\" \/><img loading=\"lazy\" decoding=\"async\" src=\"https:\/\/reifenhandel-ickes.de\/wordpress\/wp-content\/uploads\/2017\/07\/25545R18-Hankook-750x500.jpg\" height=\"500\" width=\"750\" title=\"25545R18 Hankook\" alt=\"\" class=\"slider-514 slide-532\" \/><img loading=\"lazy\" decoding=\"async\" src=\"https:\/\/reifenhandel-ickes.de\/wordpress\/wp-content\/uploads\/2018\/01\/logo-ickes_banner-1-750x500.jpg\" height=\"500\" width=\"750\" title=\"logo-ickes_banner\" alt=\"\" class=\"slider-514 slide-533\" \/><\/div><\/div>\n        \n    <\/div>\n<\/div>\n<p><\/p>","protected":false},"excerpt":{"rendered":"<p>Reifen Ickes \u2013 Geld sparen &amp; sicher fahren ! Inmitten von Hessen, im sch\u00f6nen Burgwald, befindet sich unser Reifenhandel. Seit<\/p>\n","protected":false},"author":1,"featured_media":0,"parent":0,"menu_order":0,"comment_status":"closed","ping_status":"closed","template":"","meta":{"colormag_page_layout":"default_layout","footnotes":""},"_links":{"self":[{"href":"https:\/\/reifenhandel-ickes.de\/wordpress\/index.php?rest_route=\/wp\/v2\/pages\/5"}],"collection":[{"href":"https:\/\/reifenhandel-ickes.de\/wordpress\/index.php?rest_route=\/wp\/v2\/pages"}],"about":[{"href":"https:\/\/reifenhandel-ickes.de\/wordpress\/index.php?rest_route=\/wp\/v2\/types\/page"}],"author":[{"embeddable":true,"href":"https:\/\/reifenhandel-ickes.de\/wordpress\/index.php?rest_route=\/wp\/v2\/users\/1"}],"replies":[{"embeddable":true,"href":"https:\/\/reifenhandel-ickes.de\/wordpress\/index.php?rest_route=%2Fwp%2Fv2%2Fcomments&post=5"}],"version-history":[{"count":23,"href":"https:\/\/reifenhandel-ickes.de\/wordpress\/index.php?rest_route=\/wp\/v2\/pages\/5\/revisions"}],"predecessor-version":[{"id":555,"href":"https:\/\/reifenhandel-ickes.de\/wordpress\/index.php?rest_route=\/wp\/v2\/pages\/5\/revisions\/555"}],"wp:attachment":[{"href":"https:\/\/reifenhandel-ickes.de\/wordpress\/index.php?rest_route=%2Fwp%2Fv2%2Fmedia&parent=5"}],"curies":[{"name":"wp","href":"https:\/\/api.w.org\/{rel}","templated":true}]}}