{"id":71,"date":"2016-09-09T09:02:19","date_gmt":"2016-09-09T09:02:19","guid":{"rendered":"http:\/\/reifenhandel-ickes.de\/wordpress\/?page_id=71"},"modified":"2020-05-28T14:22:36","modified_gmt":"2020-05-28T14:22:36","slug":"seite-3","status":"publish","type":"page","link":"https:\/\/reifenhandel-ickes.de\/wordpress\/?page_id=71","title":{"rendered":"Service"},"content":{"rendered":"<p><strong><span style=\"font-family: verdana, geneva, sans-serif;\">Wir bieten:<\/span><\/strong><\/p>\n<ul style=\"list-style-type: circle;\">\n<li><span style=\"font-family: verdana, geneva, sans-serif;\"><span style=\"font-size: 12pt;\">PKW Montage<\/span><\/span><\/li>\n<li><span style=\"font-family: verdana, geneva, sans-serif; font-size: 12pt;\">LKW Montage<\/span><\/li>\n<li><span style=\"font-family: verdana, geneva, sans-serif;\">Reifenreparaturen<\/span><\/li>\n<li><span style=\"font-family: verdana, geneva, sans-serif;\">Montage von Reifendruckkontrollsystemen<br \/>\n<\/span><\/li>\n<\/ul>\n<h5><span style=\"font-family: verdana, geneva, sans-serif; font-size: 18pt;\">Reifeneinlagerung:<\/span><\/h5>\n<p><strong><span style=\"font-family: verdana, geneva, sans-serif;\">Unser Einlagerungspaket f\u00fcr Ihre R\u00e4der beinhaltet:<\/span><\/strong><\/p>\n<ul style=\"list-style-type: circle;\">\n<li><span style=\"font-family: verdana, geneva, sans-serif;\">Einlagerung<br \/>\n<\/span><\/li>\n<li><span style=\"font-family: verdana, geneva, sans-serif;\">Radw\u00e4sche<\/span><\/li>\n<li><span style=\"font-family: verdana, geneva, sans-serif;\">Wuchten<\/span><\/li>\n<li><span style=\"font-family: verdana, geneva, sans-serif;\">Umstecken<\/span><\/li>\n<li><span style=\"font-family: verdana, geneva, sans-serif;\">Luftdruck\u00fcberpr\u00fcfung<\/span><\/li>\n<\/ul>\n<p><strong><span style=\"color: #000000;\"><span style=\"font-family: verdana, geneva, sans-serif;\">Ihre Vorteile:\u00a0<\/span><\/span><\/strong><\/p>\n<ul style=\"list-style-type: circle;\">\n<li><span style=\"font-family: verdana, geneva, sans-serif;\">Wir benachrichtigen Sie bei Neubedarf<\/span><\/li>\n<li><span style=\"font-family: verdana, geneva, sans-serif;\">Messung der Profiltiefe<\/span><\/li>\n<li><span style=\"font-family: verdana, geneva, sans-serif;\">Sie sparen Platz zu Hause<\/span><\/li>\n<li><span style=\"font-family: verdana, geneva, sans-serif;\">fachgerechte Lagerung<\/span><\/li>\n<\/ul>\n<p>&nbsp;<\/p>\n<p>[slideshow_deploy id=&#8217;133&#8242;]<\/p>\n<p>&nbsp;<\/p>\n<p><img loading=\"lazy\" decoding=\"async\" class=\"alignnone size-medium wp-image-131 alignleft\" src=\"https:\/\/reifenhandel-ickes.de\/wordpress\/wp-content\/uploads\/2016\/09\/DPD-Ickes-Reifen.png\" alt=\"dpd-ickes-reifen\" width=\"195\" height=\"291\" \/><span style=\"font-family: verdana, geneva, sans-serif; font-size: 18pt;\"><strong><img loading=\"lazy\" decoding=\"async\" class=\"size-full wp-image-130 alignleft\" src=\"https:\/\/reifenhandel-ickes.de\/wordpress\/wp-content\/uploads\/2016\/09\/Bezahlarten-Ickes-Reifen.jpg\" alt=\"bezahlarten-ickes-reifen\" width=\"184\" height=\"274\" \/><\/strong><\/span><\/p>\n<p>&nbsp;<\/p>","protected":false},"excerpt":{"rendered":"<p>Wir bieten: PKW Montage LKW Montage Reifenreparaturen Montage von Reifendruckkontrollsystemen Reifeneinlagerung: Unser Einlagerungspaket f\u00fcr Ihre R\u00e4der beinhaltet: Einlagerung Radw\u00e4sche Wuchten<\/p>\n","protected":false},"author":1,"featured_media":0,"parent":0,"menu_order":0,"comment_status":"closed","ping_status":"closed","template":"","meta":{"colormag_page_layout":"default_layout","footnotes":""},"_links":{"self":[{"href":"https:\/\/reifenhandel-ickes.de\/wordpress\/index.php?rest_route=\/wp\/v2\/pages\/71"}],"collection":[{"href":"https:\/\/reifenhandel-ickes.de\/wordpress\/index.php?rest_route=\/wp\/v2\/pages"}],"about":[{"href":"https:\/\/reifenhandel-ickes.de\/wordpress\/index.php?rest_route=\/wp\/v2\/types\/page"}],"author":[{"embeddable":true,"href":"https:\/\/reifenhandel-ickes.de\/wordpress\/index.php?rest_route=\/wp\/v2\/users\/1"}],"replies":[{"embeddable":true,"href":"https:\/\/reifenhandel-ickes.de\/wordpress\/index.php?rest_route=%2Fwp%2Fv2%2Fcomments&post=71"}],"version-history":[{"count":25,"href":"https:\/\/reifenhandel-ickes.de\/wordpress\/index.php?rest_route=\/wp\/v2\/pages\/71\/revisions"}],"predecessor-version":[{"id":443,"href":"https:\/\/reifenhandel-ickes.de\/wordpress\/index.php?rest_route=\/wp\/v2\/pages\/71\/revisions\/443"}],"wp:attachment":[{"href":"https:\/\/reifenhandel-ickes.de\/wordpress\/index.php?rest_route=%2Fwp%2Fv2%2Fmedia&parent=71"}],"curies":[{"name":"wp","href":"https:\/\/api.w.org\/{rel}","templated":true}]}}